{"id":2420,"date":"2022-03-02T17:17:00","date_gmt":"2022-03-02T16:17:00","guid":{"rendered":"https:\/\/i4ce.org\/presidentielle-2022-budget-climat\/?page_id=2420"},"modified":"2022-03-31T16:49:54","modified_gmt":"2022-03-31T14:49:54","slug":"fiscalite","status":"publish","type":"page","link":"https:\/\/i4ce.org\/presidentielle-2022-budget-climat\/fiscalite\/","title":{"rendered":"Fiscalit\u00e9"},"content":{"rendered":"<p>[vc_row][vc_column width=&#8221;1\/6&#8243;][vc_single_image image=&#8221;1671&#8243; img_size=&#8221;full&#8221;][\/vc_column][vc_column width=&#8221;5\/6&#8243;][vc_column_text]<\/p>\n<h2>Fiscalit\u00e9 et niches fiscales<\/h2>\n<p>Vous trouverez ci-dessous les propositions des candidats pour la fiscalit\u00e9 et les niches fiscales. Nous les pr\u00e9sentons de mani\u00e8re descriptive, sans juger si elles sont suffisantes ou si elles pourront \u00eatre mises en \u0153uvre sur le quinquennat.<\/p>\n<p>Derni\u00e8re mise \u00e0 jour : 30 mars 2022<\/p>\n<p>&nbsp;<\/p>\n<p style=\"text-align: right;\"><em><a href=\"#_ftnref1\" name=\"_ftn1\"><\/a><\/em><\/p>\n<p>[\/vc_column_text][\/vc_column][\/vc_row][vc_row][vc_column css=&#8221;.vc_custom_1645605740817{margin-bottom: 40px !important;}&#8221;][vc_column_text]<\/p>\n<h2><strong>Les propositions des candidats\u00a0<\/strong><\/h2>\n<p>[\/vc_column_text][\/vc_column][\/vc_row][vc_row gap=&#8221;1&#8243; el_id=&#8221;header&#8221;][vc_column width=&#8221;1\/4&#8243;][vc_column_text css=&#8221;.vc_custom_1646139553118{margin: 5px !important;padding: 10px !important;border: 2px solid #1e73be !important;border-radius: 5px !important;}&#8221;]<\/p>\n<p style=\"text-align: center;\"><a href=\"#hidalgo\"><span style=\"color: #1e73be;\"><strong>Anne Hidalgo<\/strong><\/span><\/a><\/p>\n<p>[\/vc_column_text][\/vc_column][vc_column width=&#8221;1\/4&#8243;][vc_column_text css=&#8221;.vc_custom_1646139657192{margin: 5px !important;padding: 10px !important;border: 2px solid #1e73be !important;border-radius: 5px !important;}&#8221;]<\/p>\n<p style=\"text-align: center;\"><a href=\"#jadot\"><span style=\"color: #1e73be;\"><b>Yannick Jadot<\/b><\/span><\/a><\/p>\n<p>[\/vc_column_text][\/vc_column][vc_column width=&#8221;1\/4&#8243;][vc_column_text css=&#8221;.vc_custom_1646139633908{margin: 5px !important;padding: 10px !important;border: 2px solid #1e73be !important;border-radius: 5px !important;}&#8221;]<\/p>\n<p style=\"text-align: center;\"><a href=\"#lepen\"><span style=\"color: #1e73be;\"><b>Marine Le Pen<\/b><\/span><\/a><\/p>\n<p>[\/vc_column_text][\/vc_column][vc_column width=&#8221;1\/4&#8243;][vc_column_text css=&#8221;.vc_custom_1648736770805{margin-top: 5px !important;margin-right: 5px !important;margin-bottom: 5px !important;margin-left: 5px !important;border-top-width: 2px !important;border-right-width: 2px !important;border-bottom-width: 2px !important;border-left-width: 2px !important;padding-top: 10px !important;padding-right: 10px !important;padding-bottom: 10px !important;padding-left: 10px !important;border-left-color: #1e73be !important;border-left-style: solid !important;border-right-color: #1e73be !important;border-right-style: solid !important;border-top-color: #1e73be !important;border-top-style: solid !important;border-bottom-color: #1e73be !important;border-bottom-style: solid !important;border-radius: 5px !important;}&#8221;]<\/p>\n<p style=\"text-align: center;\"><a href=\"#lepen\"><span style=\"color: #1e73be;\"><b>Emmanuel Macron<\/b><\/span><\/a><\/p>\n<p>[\/vc_column_text][\/vc_column][\/vc_row][vc_row gap=&#8221;1&#8243; css=&#8221;.vc_custom_1646144592662{margin-bottom: 20px !important;}&#8221; el_id=&#8221;hidalgo&#8221;][vc_column width=&#8221;1\/4&#8243;][vc_column_text css=&#8221;.vc_custom_1646139607437{margin: 5px !important;padding: 10px !important;border: 2px solid #1e73be !important;border-radius: 5px !important;}&#8221;]<\/p>\n<p style=\"text-align: center;\"><a href=\"#melenchon\"><span style=\"color: #1e73be;\"><b>Jean-Luc M\u00e9lenchon<\/b><\/span><\/a><\/p>\n<p>[\/vc_column_text][\/vc_column][vc_column width=&#8221;1\/4&#8243;][vc_column_text css=&#8221;.vc_custom_1646144515589{margin-top: 5px !important;margin-right: 5px !important;margin-bottom: 5px !important;margin-left: 5px !important;border-top-width: 2px !important;border-right-width: 2px !important;border-bottom-width: 2px !important;border-left-width: 2px !important;padding-top: 10px !important;padding-right: 10px !important;padding-bottom: 10px !important;padding-left: 10px !important;border-left-color: #1e73be !important;border-left-style: solid !important;border-right-color: #1e73be !important;border-right-style: solid !important;border-top-color: #1e73be !important;border-top-style: solid !important;border-bottom-color: #1e73be !important;border-bottom-style: solid !important;border-radius: 5px !important;}&#8221;]<\/p>\n<p style=\"text-align: center;\"><a href=\"#pecresse\"><span style=\"color: #1e73be;\"><b>Val\u00e9rie P\u00e9cresse<\/b><\/span><\/a><\/p>\n<p>[\/vc_column_text][\/vc_column][vc_column width=&#8221;1\/4&#8243;][vc_column_text css=&#8221;.vc_custom_1646139725545{margin: 5px !important;padding: 10px !important;border: 2px solid #1e73be !important;border-radius: 5px !important;}&#8221;]<\/p>\n<p style=\"text-align: center;\"><a href=\"#zemmour\"><span style=\"color: #1e73be;\"><b>\u00c9ric Zemmour<\/b><\/span><\/a><\/p>\n<p>[\/vc_column_text][\/vc_column][vc_column width=&#8221;1\/4&#8243;][\/vc_column][\/vc_row][vc_row][vc_column][vc_row_inner content_placement=&#8221;middle&#8221;][vc_column_inner width=&#8221;1\/6&#8243;][vc_single_image image=&#8221;2979&#8243; img_size=&#8221;large&#8221;][\/vc_column_inner][vc_column_inner width=&#8221;2\/3&#8243;][vc_column_text]<\/p>\n<h3>Anne Hidalgo<\/h3>\n<p>[\/vc_column_text][\/vc_column_inner][vc_column_inner width=&#8221;1\/6&#8243;][\/vc_column_inner][\/vc_row_inner][vc_row_inner content_placement=&#8221;middle&#8221;][vc_column_inner][vc_column_text]<\/p>\n<div class=\"wpb_text_column wpb_content_element \">\n<div class=\"wpb_wrapper\">\n<p>Anne Hidalgo souhaite augmenter la transparence sur l\u2019usage des revenus de la fiscalit\u00e9 environnementale en mettant en place une \u00ab\u00a0R\u00e8gle d\u2019or climatique\u00a0\u00bb, qui consiste \u00e0 fl\u00e9cher la moiti\u00e9 des revenus vers des mesures acc\u00e9l\u00e9rant la transition et l\u2019autre moiti\u00e9 vers des mesures sociales, y compris pour att\u00e9nuer les impacts de la fiscalit\u00e9 sur les m\u00e9nages en difficult\u00e9.<\/p>\n<p>Elle compte par ailleurs supprimer progressivement les niches fiscales sur l\u2019\u00e9nergie, et propose d\u2019accompagner les secteurs concern\u00e9s, avec par exemple des \u00ab\u00a0aides \u00e0 la conversion pour le transport de marchandises\u00a0\u00bb.<\/p>\n<p>Son programme mise par ailleurs sur de nombreuses r\u00e9formes fiscales. Anne Hidalgo souhaite ainsi baisser la TVA pour encourager certaines activit\u00e9s (transport en train, fili\u00e8res de r\u00e9emploi et de reconditionnement d\u2019\u00e9quipements \u00e9lectroniques\u2026) et augmenter la fiscalit\u00e9 pour en d\u00e9courager d\u2019autres : taxe sur les d\u00e9placements en avion quand une alternative en train existe, taxe sur les placements financiers dans les \u00e9nergies fossiles. D\u2019autres propositions concernent l\u2019\u00e9chelon europ\u00e9en\u00a0: une baisse de la TVA sur les produits \u00ab\u00a0verts\u00a0\u00bb et la mise en \u0153uvre rapide du m\u00e9canisme d\u2019ajustement carbone aux fronti\u00e8res.<\/div>\n<\/div>\n<p>[\/vc_column_text][vc_single_image image=&#8221;2839&#8243; img_size=&#8221;full&#8221; alignment=&#8221;right&#8221; onclick=&#8221;custom_link&#8221; link=&#8221;#header&#8221; el_id=&#8221;jadot&#8221;][\/vc_column_inner][\/vc_row_inner][\/vc_column][\/vc_row][vc_row][vc_column][vc_row_inner content_placement=&#8221;middle&#8221;][vc_column_inner width=&#8221;1\/6&#8243;][vc_single_image image=&#8221;2970&#8243; img_size=&#8221;large&#8221;][\/vc_column_inner][vc_column_inner width=&#8221;2\/3&#8243;][vc_column_text]<\/p>\n<h3>Yannick Jadot<\/h3>\n<p>[\/vc_column_text][\/vc_column_inner][vc_column_inner width=&#8221;1\/6&#8243;][\/vc_column_inner][\/vc_row_inner][vc_row_inner content_placement=&#8221;middle&#8221;][vc_column_inner][vc_column_text]<\/p>\n<div class=\"wpb_text_column wpb_content_element \">\n<div class=\"wpb_wrapper\">\n<p>Clarifier l\u2019usage qui est fait des recettes de la fiscalit\u00e9 \u00e9nergie-climat est une condition de son acceptation. Yannick Jadot s\u2019engage \u00e0 utiliser int\u00e9gralement les revenus de la contribution climat \u00e9nergie pour financer des investissements pour la transition et pour soutenir directement les m\u00e9nages les plus modestes via des ch\u00e8ques \u00e9nergie.<\/p>\n<p>Il compte par ailleurs supprimer les niches fiscales d\u00e9favorables au climat \u2013 qu\u2019il estime \u00e0 18\u00a0Mds\u20ac\/an actuellement \u2013 en particulier celles qui concernent le transport a\u00e9rien int\u00e9rieur, le fret routier, le gazole non-routier \u2013, et consacrer la moiti\u00e9 des \u00e9conomies budg\u00e9taires r\u00e9alis\u00e9es dans les premi\u00e8res ann\u00e9es \u00e0 l\u2019accompagnement des acteurs et secteurs concern\u00e9s.<\/p>\n<p>Yannick Jadot pr\u00e9voit de nombreuses r\u00e9formes fiscales pour le climat, et est le seul \u00e0 \u00e9voquer la contribution climat \u00e9nergie, dont il ne voudrait augmenter le taux qu\u2019en cas de baisse \u00ab\u00a0significative\u00a0\u00bb des prix de l\u2019\u00e9nergie. Il souhaite par ailleurs introduire une logique de bonus-malus dans la fiscalit\u00e9. Cette logique s\u2019appliquerait \u00e0 la TVA, dont les taux seraient modul\u00e9s en fonction de l\u2019impact environnemental des produits ou services, avec par exemple une baisse du taux \u00e0 5,5\u00a0% pour les transports collectifs peu carbon\u00e9s, et au contraire une augmentation du taux \u00e0 20\u00a0% pour les transports polluants (taxis non \u00e9lectriques, aviation). Elle s\u2019appliquerait \u00e9galement \u00e0 un ISF qui taxerait les patrimoines sup\u00e9rieurs \u00e0 2 M\u20ac et comporterait un bonus-malus selon l\u2019impact des actifs financiers et immobiliers sur le climat. Elle s\u2019appliquerait \u00e9galement \u00e0 d\u2019autres imp\u00f4ts, comme les imp\u00f4ts sur les soci\u00e9t\u00e9s. Enfin, Yannick Jadot souhaite porter au niveau europ\u00e9en la mise en \u0153uvre rapide du m\u00e9canisme d\u2019ajustement carbone aux fronti\u00e8res.<\/div>\n<\/div>\n<p>[\/vc_column_text][vc_single_image image=&#8221;2839&#8243; img_size=&#8221;full&#8221; alignment=&#8221;right&#8221; onclick=&#8221;custom_link&#8221; link=&#8221;#header&#8221; el_id=&#8221;lepen&#8221;][\/vc_column_inner][\/vc_row_inner][\/vc_column][\/vc_row][vc_row][vc_column][vc_row_inner content_placement=&#8221;middle&#8221;][vc_column_inner width=&#8221;1\/6&#8243;][vc_single_image image=&#8221;3141&#8243; img_size=&#8221;large&#8221;][\/vc_column_inner][vc_column_inner width=&#8221;2\/3&#8243;][vc_column_text]<\/p>\n<h3>Marine Le Pen<\/h3>\n<p>[\/vc_column_text][\/vc_column_inner][vc_column_inner width=&#8221;1\/6&#8243;][\/vc_column_inner][\/vc_row_inner][vc_row_inner content_placement=&#8221;middle&#8221;][vc_column_inner][vc_column_text]Pour contrer la hausse des prix de l\u2019\u00e9nergie, Marine Le Pen propose de baisser la TVA de 20\u00a0% \u00e0 5,5\u00a0% sur les produits \u00e9nerg\u00e9tiques (carburants, fioul, gaz et \u00e9lectricit\u00e9).<\/p>\n<p>Elle ne compte pas clarifier l\u2019usage qui est fait par l\u2019Etat des recettes de la fiscalit\u00e9 \u00e9nergie-climat, \u00e9l\u00e9ment cl\u00e9 de l\u2019acceptabilit\u00e9 d\u2019une telle fiscalit\u00e9, et ne dit rien sur l\u2019\u00e9volution des niches fiscales d\u00e9favorables au climat.[\/vc_column_text][vc_single_image image=&#8221;2839&#8243; img_size=&#8221;full&#8221; alignment=&#8221;right&#8221; onclick=&#8221;custom_link&#8221; link=&#8221;#header&#8221; el_id=&#8221;melenchon&#8221;][\/vc_column_inner][\/vc_row_inner][\/vc_column][\/vc_row][vc_row][vc_column][vc_row_inner content_placement=&#8221;middle&#8221;][vc_column_inner width=&#8221;1\/6&#8243;][vc_single_image image=&#8221;3295&#8243; img_size=&#8221;large&#8221;][\/vc_column_inner][vc_column_inner width=&#8221;2\/3&#8243;][vc_column_text]<\/p>\n<h3>Emmanuel Macron<\/h3>\n<p>[\/vc_column_text][\/vc_column_inner][vc_column_inner width=&#8221;1\/6&#8243;][\/vc_column_inner][\/vc_row_inner][vc_row_inner content_placement=&#8221;middle&#8221;][vc_column_inner][vc_column_text]<span data-contrast=\"auto\">Clarifier l\u2019usage qui est fait des recettes de la fiscalit\u00e9 \u00e9nergie-climat est une condition de son acceptation. Emmanuel Macron pr\u00e9cise que \u00ab\u202fla fiscalit\u00e9 sur les \u00e9nergies fossiles sera int\u00e9gralement affect\u00e9e \u00e0 la transition\u202f\u00bb.\u00a0<\/span><span data-ccp-props=\"{&quot;201341983&quot;:2,&quot;335551550&quot;:6,&quot;335551620&quot;:6,&quot;335559739&quot;:160,&quot;335559740&quot;:22}\">\u00a0<\/span><\/p>\n<p><span data-contrast=\"auto\">Concernant l\u2019\u00e9volution des niches fiscales sur l\u2019\u00e9nergie,<\/span><span data-contrast=\"auto\"> il indique qu\u2019une\u202f\u00ab\u202ftrajectoire de r\u00e9duction puis d\u2019\u00e9limination des d\u00e9penses n\u00e9fastes \u00e0 l\u2019environnement sera d\u00e9finie dans le cadre du budget vert\u202f\u00bb. Les d\u00e9penses n\u00e9fastes \u00e0 l\u2019environnement sont essentiellement des niches fiscales.\u00a0<\/span><span data-ccp-props=\"{&quot;201341983&quot;:0,&quot;335551550&quot;:6,&quot;335551620&quot;:6,&quot;335559739&quot;:160,&quot;335559740&quot;:259}\">\u00a0<\/span><\/p>\n<p><span data-contrast=\"auto\">L\u2019unique autre r\u00e9forme fiscale relative \u00e0 l\u2019\u00e9nergie et au climat qu\u2019Emmanuel Macron propose est la mise en <\/span><span data-contrast=\"auto\">\u0153uvre<\/span><span data-contrast=\"auto\"> au niveau europ\u00e9en du m\u00e9canisme d\u2019ajustement carbone aux fronti\u00e8res, actuellement en n\u00e9gociation dans l\u2019Union europ\u00e9enne.<\/span><span data-ccp-props=\"{&quot;201341983&quot;:2,&quot;335551550&quot;:6,&quot;335551620&quot;:6,&quot;335559739&quot;:160,&quot;335559740&quot;:22}\">\u00a0<\/span>[\/vc_column_text][vc_single_image image=&#8221;2839&#8243; img_size=&#8221;full&#8221; alignment=&#8221;right&#8221; onclick=&#8221;custom_link&#8221; link=&#8221;#header&#8221;][\/vc_column_inner][\/vc_row_inner][\/vc_column][\/vc_row][vc_row][vc_column][vc_row_inner content_placement=&#8221;middle&#8221;][vc_column_inner width=&#8221;1\/6&#8243;][vc_single_image image=&#8221;3149&#8243; img_size=&#8221;large&#8221;][\/vc_column_inner][vc_column_inner width=&#8221;2\/3&#8243;][vc_column_text]<\/p>\n<h3>Jean-Luc M\u00e9lenchon<\/h3>\n<p>[\/vc_column_text][\/vc_column_inner][vc_column_inner width=&#8221;1\/6&#8243;][\/vc_column_inner][\/vc_row_inner][vc_row_inner content_placement=&#8221;middle&#8221;][vc_column_inner][vc_column_text]Clarifier l\u2019usage qui est fait des recettes de la fiscalit\u00e9 \u00e9nergie-climat est une condition de son acceptation. Jean-Luc M\u00e9lenchon pr\u00e9cise que les revenus de la fiscalit\u00e9 \u00e9nergie-climat seront fl\u00e9ch\u00e9s vers la \u00ab\u00a0bifurcation \u00e9cologique\u00a0\u00bb, tout en mentionnant que d\u2019autres recettes y seront \u00e9galement affect\u00e9es.<\/p>\n<p>Le programme de Jean-Luc M\u00e9lenchon pr\u00e9voit la suppression de plusieurs niches fiscales d\u00e9favorables au climat, \u00e0 commencer par l\u2019exon\u00e9ration de taxe sur le k\u00e9ros\u00e8ne, \u00e9valu\u00e9e \u00e0 3,6\u00a0Mds\u20ac, et la r\u00e9duction de taxe sur le gazole utilis\u00e9 par le transport routier de marchandises dont le co\u00fbt est estim\u00e9 \u00e0 1,4\u00a0Md\u20ac.<\/p>\n<p>Jean-Luc M\u00e9lenchon a d\u2019autres propositions qui concernent la fiscalit\u00e9 sur l\u2019\u00e9nergie et le climat, notamment l\u2019ISF avec un volet climatique (cens\u00e9 g\u00e9n\u00e9rer 10\u00a0Mds\u20ac\/an dont 2 pour le volet climatique). Jean-Luc M\u00e9lenchon ne parle pas du m\u00e9canisme europ\u00e9en d\u2019ajustement carbone aux fronti\u00e8res, mais propose de mettre en place une taxe kilom\u00e9trique aux fronti\u00e8res de la France, con\u00e7ue comme un \u00ab\u00a0bouclier douanier \u00e9cologique\u00a0\u00bb et qui vise les importations.[\/vc_column_text][vc_single_image image=&#8221;2839&#8243; img_size=&#8221;full&#8221; alignment=&#8221;right&#8221; onclick=&#8221;custom_link&#8221; link=&#8221;#header&#8221; el_id=&#8221;pecresse&#8221;][\/vc_column_inner][\/vc_row_inner][\/vc_column][\/vc_row][vc_row][vc_column][vc_row_inner content_placement=&#8221;middle&#8221;][vc_column_inner width=&#8221;1\/6&#8243;][vc_single_image image=&#8221;2974&#8243; img_size=&#8221;large&#8221;][\/vc_column_inner][vc_column_inner width=&#8221;2\/3&#8243;][vc_column_text]<\/p>\n<h3>Val\u00e9rie P\u00e9cresse<\/h3>\n<p>[\/vc_column_text][\/vc_column_inner][vc_column_inner width=&#8221;1\/6&#8243;][\/vc_column_inner][\/vc_row_inner][vc_row_inner content_placement=&#8221;middle&#8221;][vc_column_inner][vc_column_text]Val\u00e9rie P\u00e9cresse entend \u00ab\u00a0sanctuariser la fiscalit\u00e9 \u00e9cologique existante, qui met en \u0153uvre le principe pollueur-payeur\u00a0\u00bb, le montant des pr\u00e9l\u00e8vements restant constant pour les m\u00e9nages et les entreprises fran\u00e7aises. Elle veut tout de m\u00eame que \u00ab\u00a0les subventions aux \u00e9nergies fossiles [soient] progressivement \u00e9limin\u00e9es\u00a0\u00bb. Son \u00e9quipe ne nous a pas pr\u00e9cis\u00e9 ce que ce terme inclut, mais en France ces subventions prennent principalement la forme de niches fiscales sur l\u2019\u00e9nergie.<\/p>\n<p>Pour apporter \u00ab\u00a0toute transparence aux Fran\u00e7ais\u00a0\u00bb sur l\u2019argent issu de la fiscalit\u00e9 \u00e9cologique, une condition de son acceptabilit\u00e9, Val\u00e9rie P\u00e9cresse propose que ses recettes soient utilis\u00e9es soit pour \u00ab\u00a0les aider \u00e0 faire face \u00e0 leurs d\u00e9penses de transition, soit leur [soit] redistribu\u00e9 int\u00e9gralement\u00a0\u00bb. Elle ne pr\u00e9cise pas \u00e0 ce stade les modalit\u00e9s d\u2019une \u00e9ventuelle redistribution.<\/p>\n<p>Face aux enjeux de comp\u00e9titivit\u00e9, elle entend porter au niveau europ\u00e9en la mise en place d\u2019une \u00ab\u00a0taxe carbone aux fronti\u00e8res de l\u2019UE substantielle\u00a0\u00bb. Cette taxe est actuellement n\u00e9goci\u00e9e entre les institutions europ\u00e9ennes sous la d\u00e9nomination de \u00ab\u00a0m\u00e9canisme d\u2019ajustement carbone aux fronti\u00e8res\u00a0\u00bb.[\/vc_column_text][vc_single_image image=&#8221;2839&#8243; img_size=&#8221;full&#8221; alignment=&#8221;right&#8221; onclick=&#8221;custom_link&#8221; link=&#8221;#header&#8221; el_id=&#8221;zemmour&#8221;][\/vc_column_inner][\/vc_row_inner][\/vc_column][\/vc_row][vc_row][vc_column][vc_row_inner content_placement=&#8221;middle&#8221;][vc_column_inner width=&#8221;1\/6&#8243;][vc_single_image image=&#8221;3151&#8243; img_size=&#8221;large&#8221;][\/vc_column_inner][vc_column_inner width=&#8221;2\/3&#8243;][vc_column_text]<\/p>\n<h3>\u00c9ric Zemmour<\/h3>\n<p>[\/vc_column_text][\/vc_column_inner][vc_column_inner width=&#8221;1\/6&#8243;][\/vc_column_inner][\/vc_row_inner][vc_row_inner content_placement=&#8221;middle&#8221;][vc_column_inner][vc_column_text]L\u2019unique r\u00e9forme fiscale relative \u00e0 l\u2019\u00e9nergie et au climat qu\u2019\u00c9ric Zemmour propose est la mise en place rapide au niveau europ\u00e9en du m\u00e9canisme d\u2019ajustement carbone aux fronti\u00e8res, actuellement en n\u00e9gociation dans l\u2019Union europ\u00e9enne.<\/p>\n<p>\u00c9ric Zemmour ne dit rien de l\u2019\u00e9volution des niches fiscales sur l\u2019\u00e9nergie et ne propose pas de clarifier l\u2019usage qui est fait par l\u2019Etat des recettes de la fiscalit\u00e9 \u00e9nergie-climat, clarification qui est pourtant l\u2019une des conditions de son acceptation.[\/vc_column_text][vc_single_image image=&#8221;2839&#8243; img_size=&#8221;full&#8221; alignment=&#8221;right&#8221; onclick=&#8221;custom_link&#8221; link=&#8221;#header&#8221;][\/vc_column_inner][\/vc_row_inner][\/vc_column][\/vc_row]<\/p>\n<!-- \/wp:post-content -->","protected":false},"excerpt":{"rendered":"<p>[vc_row][vc_column width=&#8221;1\/6&#8243;][vc_single_image image=&#8221;1671&#8243; img_size=&#8221;full&#8221;][\/vc_column][vc_column width=&#8221;5\/6&#8243;][vc_column_text] Fiscalit\u00e9 et niches fiscales Vous trouverez ci-dessous les propositions des candidats pour la fiscalit\u00e9 et les niches fiscales. Nous les pr\u00e9sentons de mani\u00e8re descriptive, sans juger si elles sont suffisantes ou si elles pourront \u00eatre mises en \u0153uvre sur le quinquennat. Derni\u00e8re mise \u00e0 jour : 30 mars 2022 &nbsp; [&hellip;]<\/p>\n","protected":false},"author":2,"featured_media":0,"parent":0,"menu_order":0,"comment_status":"closed","ping_status":"open","template":"","meta":{"footnotes":""},"class_list":["post-2420","page","type-page","status-publish","hentry"],"acf":[],"_links":{"self":[{"href":"https:\/\/i4ce.org\/presidentielle-2022-budget-climat\/wp-json\/wp\/v2\/pages\/2420","targetHints":{"allow":["GET"]}}],"collection":[{"href":"https:\/\/i4ce.org\/presidentielle-2022-budget-climat\/wp-json\/wp\/v2\/pages"}],"about":[{"href":"https:\/\/i4ce.org\/presidentielle-2022-budget-climat\/wp-json\/wp\/v2\/types\/page"}],"author":[{"embeddable":true,"href":"https:\/\/i4ce.org\/presidentielle-2022-budget-climat\/wp-json\/wp\/v2\/users\/2"}],"replies":[{"embeddable":true,"href":"https:\/\/i4ce.org\/presidentielle-2022-budget-climat\/wp-json\/wp\/v2\/comments?post=2420"}],"version-history":[{"count":15,"href":"https:\/\/i4ce.org\/presidentielle-2022-budget-climat\/wp-json\/wp\/v2\/pages\/2420\/revisions"}],"predecessor-version":[{"id":3418,"href":"https:\/\/i4ce.org\/presidentielle-2022-budget-climat\/wp-json\/wp\/v2\/pages\/2420\/revisions\/3418"}],"wp:attachment":[{"href":"https:\/\/i4ce.org\/presidentielle-2022-budget-climat\/wp-json\/wp\/v2\/media?parent=2420"}],"curies":[{"name":"wp","href":"https:\/\/api.w.org\/{rel}","templated":true}]}}