{"id":2387,"date":"2022-03-02T15:34:14","date_gmt":"2022-03-02T14:34:14","guid":{"rendered":"https:\/\/i4ce.org\/presidentielle-2022-budget-climat\/?page_id=2387"},"modified":"2022-03-31T16:44:37","modified_gmt":"2022-03-31T14:44:37","slug":"foret","status":"publish","type":"page","link":"https:\/\/i4ce.org\/presidentielle-2022-budget-climat\/foret\/","title":{"rendered":"For\u00eat"},"content":{"rendered":"<p>[vc_row][vc_column width=&#8221;1\/6&#8243;][vc_single_image image=&#8221;1576&#8243; img_size=&#8221;full&#8221;][\/vc_column][vc_column width=&#8221;5\/6&#8243;][vc_column_text]<\/p>\n<h2>For\u00eat<\/h2>\n<p>Vous trouverez ci-dessous les propositions des candidats pour la for\u00eat. Nous les pr\u00e9sentons de mani\u00e8re descriptive, sans juger si elles sont suffisantes ou si elles pourront \u00eatre mises en \u0153uvre sur le quinquennat.<\/p>\n<p>Derni\u00e8re mise \u00e0 jour : 30 mars 2022<\/p>\n<p style=\"text-align: right;\"><em><a href=\"#_ftnref1\" name=\"_ftn1\"><\/a><\/em><\/p>\n<p>[\/vc_column_text][\/vc_column][\/vc_row][vc_row][vc_column css=&#8221;.vc_custom_1645605740817{margin-bottom: 40px !important;}&#8221;][vc_column_text]<\/p>\n<h2><strong>Les propositions des candidats<\/strong><\/h2>\n<p>[\/vc_column_text][\/vc_column][\/vc_row][vc_row gap=&#8221;1&#8243; el_id=&#8221;header&#8221;][vc_column width=&#8221;1\/4&#8243;][vc_column_text css=&#8221;.vc_custom_1646139553118{margin: 5px !important;padding: 10px !important;border: 2px solid #1e73be !important;border-radius: 5px !important;}&#8221;]<\/p>\n<p style=\"text-align: center;\"><a href=\"#hidalgo\"><span style=\"color: #1e73be;\"><strong>Anne Hidalgo<\/strong><\/span><\/a><\/p>\n<p>[\/vc_column_text][\/vc_column][vc_column width=&#8221;1\/4&#8243;][vc_column_text css=&#8221;.vc_custom_1646139657192{margin: 5px !important;padding: 10px !important;border: 2px solid #1e73be !important;border-radius: 5px !important;}&#8221;]<\/p>\n<p style=\"text-align: center;\"><a href=\"#jadot\"><span style=\"color: #1e73be;\"><b>Yannick Jadot<\/b><\/span><\/a><\/p>\n<p>[\/vc_column_text][\/vc_column][vc_column width=&#8221;1\/4&#8243;][vc_column_text css=&#8221;.vc_custom_1646139633908{margin: 5px !important;padding: 10px !important;border: 2px solid #1e73be !important;border-radius: 5px !important;}&#8221;]<\/p>\n<p style=\"text-align: center;\"><a href=\"#lepen\"><span style=\"color: #1e73be;\"><b>Marine Le Pen<\/b><\/span><\/a><\/p>\n<p>[\/vc_column_text][\/vc_column][vc_column width=&#8221;1\/4&#8243;][vc_column_text css=&#8221;.vc_custom_1648735884328{margin-top: 5px !important;margin-right: 5px !important;margin-bottom: 5px !important;margin-left: 5px !important;border-top-width: 2px !important;border-right-width: 2px !important;border-bottom-width: 2px !important;border-left-width: 2px !important;padding-top: 10px !important;padding-right: 10px !important;padding-bottom: 10px !important;padding-left: 10px !important;border-left-color: #1e73be !important;border-left-style: solid !important;border-right-color: #1e73be !important;border-right-style: solid !important;border-top-color: #1e73be !important;border-top-style: solid !important;border-bottom-color: #1e73be !important;border-bottom-style: solid !important;border-radius: 5px !important;}&#8221;]<\/p>\n<p style=\"text-align: center;\"><a href=\"#lepen\"><span style=\"color: #1e73be;\"><b>Emmanuel Macron<\/b><\/span><\/a><\/p>\n<p>[\/vc_column_text][\/vc_column][\/vc_row][vc_row gap=&#8221;1&#8243; css=&#8221;.vc_custom_1646144592662{margin-bottom: 20px !important;}&#8221; el_id=&#8221;hidalgo&#8221;][vc_column width=&#8221;1\/4&#8243;][vc_column_text css=&#8221;.vc_custom_1646139607437{margin: 5px !important;padding: 10px !important;border: 2px solid #1e73be !important;border-radius: 5px !important;}&#8221;]<\/p>\n<p style=\"text-align: center;\"><a href=\"#melenchon\"><span style=\"color: #1e73be;\"><b>Jean-Luc M\u00e9lenchon<\/b><\/span><\/a><\/p>\n<p>[\/vc_column_text][\/vc_column][vc_column width=&#8221;1\/4&#8243;][vc_column_text css=&#8221;.vc_custom_1646144515589{margin-top: 5px !important;margin-right: 5px !important;margin-bottom: 5px !important;margin-left: 5px !important;border-top-width: 2px !important;border-right-width: 2px !important;border-bottom-width: 2px !important;border-left-width: 2px !important;padding-top: 10px !important;padding-right: 10px !important;padding-bottom: 10px !important;padding-left: 10px !important;border-left-color: #1e73be !important;border-left-style: solid !important;border-right-color: #1e73be !important;border-right-style: solid !important;border-top-color: #1e73be !important;border-top-style: solid !important;border-bottom-color: #1e73be !important;border-bottom-style: solid !important;border-radius: 5px !important;}&#8221;]<\/p>\n<p style=\"text-align: center;\"><a href=\"#pecresse\"><span style=\"color: #1e73be;\"><b>Val\u00e9rie P\u00e9cresse<\/b><\/span><\/a><\/p>\n<p>[\/vc_column_text][\/vc_column][vc_column width=&#8221;1\/4&#8243;][vc_column_text css=&#8221;.vc_custom_1646139725545{margin: 5px !important;padding: 10px !important;border: 2px solid #1e73be !important;border-radius: 5px !important;}&#8221;]<\/p>\n<p style=\"text-align: center;\"><a href=\"#zemmour\"><span style=\"color: #1e73be;\"><b>\u00c9ric Zemmour<\/b><\/span><\/a><\/p>\n<p>[\/vc_column_text][\/vc_column][vc_column width=&#8221;1\/4&#8243;][\/vc_column][\/vc_row][vc_row][vc_column][vc_row_inner content_placement=&#8221;middle&#8221;][vc_column_inner width=&#8221;1\/6&#8243;][vc_single_image image=&#8221;2981&#8243; img_size=&#8221;large&#8221;][\/vc_column_inner][vc_column_inner width=&#8221;2\/3&#8243;][vc_column_text]<\/p>\n<h3>Anne Hidalgo<\/h3>\n<p>[\/vc_column_text][\/vc_column_inner][vc_column_inner width=&#8221;1\/6&#8243;][\/vc_column_inner][\/vc_row_inner][vc_row_inner content_placement=&#8221;middle&#8221;][vc_column_inner][vc_column_text]Anne Hidalgo propose de regrouper et renforcer les moyens des organismes existants (comme l\u2019ONF et le Centre National de la propri\u00e9t\u00e9 foresti\u00e8re), et de mettre en place un plan de formation des m\u00e9tiers de la fili\u00e8re bois. Si les moyens allou\u00e9s ne sont pas pr\u00e9cis\u00e9s, ces actions devraient permettre de mieux anticiper les changements climatiques et d\u2019adapter la gestion des for\u00eats. Elle ne dit rien sur l\u2019usage du bois r\u00e9colt\u00e9, et en particulier sur la n\u00e9cessit\u00e9 de d\u00e9velopper les fili\u00e8res des produits bois \u00e0 longue dur\u00e9e de vie comme les mat\u00e9riaux de construction pour stocker le carbone plus longtemps.[\/vc_column_text][vc_single_image image=&#8221;2839&#8243; img_size=&#8221;full&#8221; alignment=&#8221;right&#8221; onclick=&#8221;custom_link&#8221; link=&#8221;#header&#8221; el_id=&#8221;jadot&#8221;][\/vc_column_inner][\/vc_row_inner][\/vc_column][\/vc_row][vc_row][vc_column][vc_row_inner content_placement=&#8221;middle&#8221;][vc_column_inner width=&#8221;1\/6&#8243;][vc_single_image image=&#8221;2970&#8243; img_size=&#8221;large&#8221;][\/vc_column_inner][vc_column_inner width=&#8221;2\/3&#8243;][vc_column_text]<\/p>\n<h3>Yannick Jadot<\/h3>\n<p>[\/vc_column_text][\/vc_column_inner][vc_column_inner width=&#8221;1\/6&#8243;][\/vc_column_inner][\/vc_row_inner][vc_row_inner content_placement=&#8221;middle&#8221;][vc_column_inner][vc_column_text]<span data-contrast=\"auto\">Concernant les moyens d\u00e9di\u00e9s \u00e0 la for\u00eat, Yannick Jadot souhaite r\u00e9orienter les missions de l\u2019Office national des for\u00eats vers la protection et la restauration de la nature et renforcer les emplois forestiers. Il compte par ailleurs favoriser la diversit\u00e9 d\u2019essences compl\u00e9mentaires r\u00e9sineux-feuillus pour assurer la r\u00e9silience des for\u00eats aux changements climatique.\u00a0<\/span><span data-ccp-props=\"{&quot;201341983&quot;:0,&quot;335551550&quot;:6,&quot;335551620&quot;:6,&quot;335559739&quot;:160,&quot;335559740&quot;:240}\">\u00a0<\/span><\/p>\n<p><span data-contrast=\"auto\">Concernant l\u2019usage du bois r\u00e9colt\u00e9, question essentielle pour garantir que le carbone stock\u00e9 dans le bois l\u2019est de mani\u00e8re durable, <\/span><span data-contrast=\"auto\">Yannick Jadot <\/span><span data-contrast=\"auto\">souhaite <\/span><span data-contrast=\"auto\">s<\/span><span data-contrast=\"auto\">outenir la reconstruction du secteur de la transformation du bois, <\/span><span data-contrast=\"auto\">et notamment<\/span><span data-contrast=\"auto\"> la r\u00e9ouverture de scieries<\/span><span data-contrast=\"auto\">, et<\/span><span data-contrast=\"auto\"> g<\/span><span data-contrast=\"auto\">\u00e9n\u00e9raliser progressivement l\u2019utilisation d\u2019\u00e9co mat\u00e9riaux dans la construction, \u00ab\u202fvia la RE2020 am\u00e9lior\u00e9e et l\u2019accompagnement actif des fili\u00e8res\u202f\u00bb.<\/span><span data-contrast=\"auto\">\u00a0<\/span><span data-ccp-props=\"{&quot;201341983&quot;:0,&quot;335551550&quot;:6,&quot;335551620&quot;:6,&quot;335559739&quot;:160,&quot;335559740&quot;:259}\">\u00a0<\/span><\/p>\n<p><span data-contrast=\"auto\">De plus, il propose d\u2019encadrer les r\u00e9coltes pour qu\u2019elles n\u2019augmentent pas d\u2019une ann\u00e9e sur l\u2019autre, et souhaite laisser 10 % des for\u00eats fran\u00e7aises en libre \u00e9volution avec au moins 2\u202f% de surface prot\u00e9g\u00e9e dans chaque r\u00e9gion.<\/span><span data-ccp-props=\"{&quot;201341983&quot;:0,&quot;335551550&quot;:6,&quot;335551620&quot;:6,&quot;335559739&quot;:160,&quot;335559740&quot;:259}\">\u00a0<\/span>[\/vc_column_text][vc_single_image image=&#8221;2839&#8243; img_size=&#8221;full&#8221; alignment=&#8221;right&#8221; onclick=&#8221;custom_link&#8221; link=&#8221;#header&#8221; el_id=&#8221;lepen&#8221;][\/vc_column_inner][\/vc_row_inner][\/vc_column][\/vc_row][vc_row][vc_column][vc_row_inner content_placement=&#8221;middle&#8221;][vc_column_inner width=&#8221;1\/6&#8243;][vc_single_image image=&#8221;3141&#8243; img_size=&#8221;large&#8221;][\/vc_column_inner][vc_column_inner width=&#8221;2\/3&#8243;][vc_column_text]<\/p>\n<h3>Marine Le Pen<\/h3>\n<p>[\/vc_column_text][\/vc_column_inner][vc_column_inner width=&#8221;1\/6&#8243;][\/vc_column_inner][\/vc_row_inner][vc_row_inner content_placement=&#8221;middle&#8221;][vc_column_inner][vc_column_text]<\/p>\n<div class=\"wpb_text_column wpb_content_element \">\n<div class=\"wpb_wrapper\">\n<p>Marine Le Pen n\u2019a pas de propositions pour assurer la r\u00e9silience de la for\u00eat face aux changements climatiques, ni pour d\u00e9velopper l\u2019industrie des produits en bois \u00e0 longue dur\u00e9e de vie, comme les mat\u00e9riaux de construction. Cette industrie est indispensable pour stocker du carbone dans la dur\u00e9e alors que les r\u00e9coltes de bois augmentent.<\/div>\n<\/div>\n<p>[\/vc_column_text][vc_single_image image=&#8221;2839&#8243; img_size=&#8221;full&#8221; alignment=&#8221;right&#8221; onclick=&#8221;custom_link&#8221; link=&#8221;#header&#8221; el_id=&#8221;melenchon&#8221;][\/vc_column_inner][\/vc_row_inner][\/vc_column][\/vc_row][vc_row][vc_column][vc_row_inner content_placement=&#8221;middle&#8221;][vc_column_inner width=&#8221;1\/6&#8243;][vc_single_image image=&#8221;3295&#8243; img_size=&#8221;large&#8221;][\/vc_column_inner][vc_column_inner width=&#8221;2\/3&#8243;][vc_column_text]<\/p>\n<h3>Emmanuel Macron<\/h3>\n<p>[\/vc_column_text][\/vc_column_inner][vc_column_inner width=&#8221;1\/6&#8243;][\/vc_column_inner][\/vc_row_inner][vc_row_inner content_placement=&#8221;middle&#8221;][vc_column_inner][vc_column_text]<\/p>\n<div class=\"wpb_text_column wpb_content_element \">\n<div class=\"wpb_wrapper\">\n<p><span class=\"TextRun SCXW92715285 BCX8\" lang=\"FR-FR\" xml:lang=\"FR-FR\" data-contrast=\"auto\"><span class=\"NormalTextRun SCXW92715285 BCX8\">Emmanuel Macron<\/span><span class=\"NormalTextRun SCXW92715285 BCX8\"> propose de planter 140 millions <\/span><\/span><span class=\"TextRun SCXW92715285 BCX8\" lang=\"FR-FR\" xml:lang=\"FR-FR\" data-contrast=\"none\"><span class=\"NormalTextRun SCXW92715285 BCX8\">d\u2019arbres<\/span> <span class=\"NormalTextRun SCXW92715285 BCX8\">(y<\/span><\/span><span class=\"TextRun SCXW92715285 BCX8\" lang=\"FR-FR\" xml:lang=\"FR-FR\" data-contrast=\"auto\"><span class=\"NormalTextRun SCXW92715285 BCX8\"> compris<\/span><span class=\"NormalTextRun SCXW92715285 BCX8\"> des<\/span><span class=\"NormalTextRun SCXW92715285 BCX8\"> haies agricoles)<\/span><span class=\"NormalTextRun SCXW92715285 BCX8\"> d\u2019ici<\/span><span class=\"NormalTextRun SCXW92715285 BCX8\"> 2030<\/span><span class=\"NormalTextRun SCXW92715285 BCX8\">, <\/span><span class=\"NormalTextRun SCXW92715285 BCX8\">en prenant en compte<\/span> <span class=\"NormalTextRun SCXW92715285 BCX8\">des crit\u00e8res d\u2019adaptation au changement climatique<\/span><span class=\"NormalTextRun SCXW92715285 BCX8\">. Il chiffre \u00e0 100-150 M\u20ac\/an les d\u00e9penses publiques additionnelles pour <\/span><span class=\"NormalTextRun SCXW92715285 BCX8\">atteindre cet objectif<\/span><span class=\"NormalTextRun SCXW92715285 BCX8\">, <\/span><span class=\"NormalTextRun SCXW92715285 BCX8\">et estime \u00e0 100M\u20ac\/an les revenus li\u00e9s <\/span><span class=\"NormalTextRun SCXW92715285 BCX8\">au label<\/span><span class=\"NormalTextRun SCXW92715285 BCX8\"> bas-carbone et<\/span><\/span><span class=\"TextRun SCXW92715285 BCX8\" lang=\"FR-FR\" xml:lang=\"FR-FR\" data-contrast=\"auto\"><span class=\"NormalTextRun SCXW92715285 BCX8\"> \u00e0 l<\/span><\/span><span class=\"TextRun SCXW92715285 BCX8\" lang=\"FR-FR\" xml:lang=\"FR-FR\" data-contrast=\"auto\"><span class=\"NormalTextRun SCXW92715285 BCX8\">a vente de cr\u00e9dits carbone au <\/span><span class=\"NormalTextRun SCXW92715285 BCX8\">transport a\u00e9rien.<\/span> <span class=\"NormalTextRun SCXW92715285 BCX8\">Il souhaite \u00e9galement \u00ab\u202finvestir dans la fili\u00e8re fran\u00e7aise du bois\u202f\u00bb<\/span><span class=\"NormalTextRun SCXW92715285 BCX8\">, mais ne dit rien au sujet de <\/span><span class=\"NormalTextRun SCXW92715285 BCX8\">l\u2019industrie des produits en bois \u00e0 longue dur\u00e9e de vie, comme les mat\u00e9riaux de construction, industrie indispensable pour stocker du carbone dans la dur\u00e9e alors que les r\u00e9coltes de bois augmentent.<\/span><\/span><span class=\"EOP SCXW92715285 BCX8\" data-ccp-props=\"{&quot;201341983&quot;:0,&quot;335551550&quot;:6,&quot;335551620&quot;:6,&quot;335559739&quot;:160,&quot;335559740&quot;:259}\">\u00a0<\/span><\/p>\n<\/div>\n<\/div>\n<p>[\/vc_column_text][vc_single_image image=&#8221;2839&#8243; img_size=&#8221;full&#8221; alignment=&#8221;right&#8221; onclick=&#8221;custom_link&#8221; link=&#8221;#header&#8221;][\/vc_column_inner][\/vc_row_inner][\/vc_column][\/vc_row][vc_row][vc_column][vc_row_inner content_placement=&#8221;middle&#8221;][vc_column_inner width=&#8221;1\/6&#8243;][vc_single_image image=&#8221;3149&#8243; img_size=&#8221;large&#8221;][\/vc_column_inner][vc_column_inner width=&#8221;2\/3&#8243;][vc_column_text]<\/p>\n<h3>Jean-Luc M\u00e9lenchon<\/h3>\n<p>[\/vc_column_text][\/vc_column_inner][vc_column_inner width=&#8221;1\/6&#8243;][\/vc_column_inner][\/vc_row_inner][vc_row_inner content_placement=&#8221;middle&#8221;][vc_column_inner][vc_column_text]Pour assurer la r\u00e9silience des for\u00eats aux changements climatique, Jean-Luc M\u00e9lenchon souhaite favoriser leur diversification. Il compte pour cela notamment doubler les moyens de l\u2019ONF. Il souhaite par ailleurs renforcer les moyens humains et mat\u00e9riels de lutte contre les feux de for\u00eat et augmenter la part de for\u00eats publiques.<\/p>\n<p>Concernant l\u2019usage du bois r\u00e9colt\u00e9, question essentielle pour garantir que le carbone stock\u00e9 dans le bois l\u2019est de mani\u00e8re durable, Jean-Luc M\u00e9lenchon souhaite encadrer son utilisation dans la production d\u2019\u00e9nergie et favoriser son usage dans la construction. Il souhaite par ailleurs r\u00e9tablir des scieries, dans le cadre de ses investissements pour la relocalisation, et \u00ab\u00a0reconstruire tout le secteur de la transformation du bois\u00a0\u00bb via sa proposition de \u00ab\u00a0formation professionnelle publique\u00a0\u00bb. Enfin, il souhaite laisser au niveau national 25\u00a0% de la surface de la for\u00eat fran\u00e7aise en libre \u00e9volution.[\/vc_column_text][vc_single_image image=&#8221;2839&#8243; img_size=&#8221;full&#8221; alignment=&#8221;right&#8221; onclick=&#8221;custom_link&#8221; link=&#8221;#header&#8221; el_id=&#8221;pecresse&#8221;][\/vc_column_inner][\/vc_row_inner][\/vc_column][\/vc_row][vc_row][vc_column][vc_row_inner content_placement=&#8221;middle&#8221;][vc_column_inner width=&#8221;1\/6&#8243;][vc_single_image image=&#8221;2974&#8243; img_size=&#8221;large&#8221;][\/vc_column_inner][vc_column_inner width=&#8221;2\/3&#8243;][vc_column_text]<\/p>\n<h3>Val\u00e9rie P\u00e9cresse<\/h3>\n<p>[\/vc_column_text][\/vc_column_inner][vc_column_inner width=&#8221;1\/6&#8243;][\/vc_column_inner][\/vc_row_inner][vc_row_inner content_placement=&#8221;middle&#8221;][vc_column_inner][vc_column_text]Val\u00e9rie P\u00e9cresse souhaite \u00ab\u00a0une meilleure exploitation de la for\u00eat et le retour \u00e0 une fili\u00e8re bois forte\u00a0\u00bb mais ne pr\u00e9cise pas comment y parvenir. En particulier, elle ne pr\u00e9cise pas comment d\u00e9velopper l\u2019industrie des produits en bois \u00e0 longue dur\u00e9e de vie, comme les mat\u00e9riaux de construction, industrie indispensable pour stocker du carbone dans la dur\u00e9e alors que les r\u00e9coltes de bois augmentent.[\/vc_column_text][vc_single_image image=&#8221;2839&#8243; img_size=&#8221;full&#8221; alignment=&#8221;right&#8221; onclick=&#8221;custom_link&#8221; link=&#8221;#header&#8221; el_id=&#8221;zemmour&#8221;][\/vc_column_inner][\/vc_row_inner][\/vc_column][\/vc_row][vc_row][vc_column][vc_row_inner content_placement=&#8221;middle&#8221;][vc_column_inner width=&#8221;1\/6&#8243;][vc_single_image image=&#8221;3151&#8243; img_size=&#8221;large&#8221;][\/vc_column_inner][vc_column_inner width=&#8221;2\/3&#8243;][vc_column_text]<\/p>\n<h3>\u00c9ric Zemmour<\/h3>\n<p>[\/vc_column_text][\/vc_column_inner][vc_column_inner width=&#8221;1\/6&#8243;][\/vc_column_inner][\/vc_row_inner][vc_row_inner content_placement=&#8221;middle&#8221;][vc_column_inner][vc_column_text]\u00c9ric Zemmour souhaite cr\u00e9er un \u00ab fonds de reboisement et d\u2019adaptation au changement climatique \u00bb, sans pr\u00e9ciser son montant.\u00a0<span class=\"TrackChangeTextInsertion TrackedChange BCX8 SCXW208435344\"><span class=\"TextRun Highlight BCX8 SCXW208435344\" lang=\"FR-FR\" xml:lang=\"FR-FR\" data-contrast=\"auto\"><span class=\"NormalTextRun BCX8 SCXW208435344\">Il pr\u00e9cise par ailleurs\u00a0<\/span><\/span><\/span><span class=\"TrackChangeTextInsertion TrackedChange BCX8 SCXW208435344\"><span class=\"TextRun Highlight BCX8 SCXW208435344\" lang=\"FR-FR\" xml:lang=\"FR-FR\" data-contrast=\"auto\"><span class=\"NormalTextRun BCX8 SCXW208435344\">vouloir mettre en place une<\/span><\/span><\/span><span class=\"TrackChangeTextInsertion TrackedChange BCX8 SCXW208435344\"><span class=\"TextRun Highlight BCX8 SCXW208435344\" lang=\"FR-FR\" xml:lang=\"FR-FR\" data-contrast=\"auto\"><span class=\"NormalTextRun BCX8 SCXW208435344\">\u00a0strat\u00e9gie nationale pour ai<\/span><\/span><\/span><span class=\"TrackChangeTextInsertion TrackedChange BCX8 SCXW208435344\"><span class=\"TextRun Highlight BCX8 SCXW208435344\" lang=\"FR-FR\" xml:lang=\"FR-FR\" data-contrast=\"auto\"><span class=\"NormalTextRun BCX8 SCXW208435344\">der la fili\u00e8re<\/span><\/span><\/span><span class=\"TrackChangeTextInsertion TrackedChange BCX8 SCXW208435344\"><span class=\"TextRun Highlight BCX8 SCXW208435344\" lang=\"FR-FR\" xml:lang=\"FR-FR\" data-contrast=\"auto\"><span class=\"NormalTextRun BCX8 SCXW208435344\">\u00a0\u00e0 s\u2019industrialiser, \u00ab\u202f<\/span><\/span><\/span><span class=\"TrackChangeTextInsertion TrackedChange BCX8 SCXW208435344\"><span class=\"TextRun Highlight BCX8 SCXW208435344\" lang=\"FR-FR\" xml:lang=\"FR-FR\" data-contrast=\"auto\"><span class=\"NormalTextRun BCX8 SCXW208435344\">pour une meilleure utilisation de nos ressources dans la biomasse et notamment dans le bois<\/span><\/span><\/span><span class=\"TrackChangeTextInsertion TrackedChange BCX8 SCXW208435344\"><span class=\"TextRun Highlight BCX8 SCXW208435344\" lang=\"FR-FR\" xml:lang=\"FR-FR\" data-contrast=\"auto\"><span class=\"NormalTextRun BCX8 SCXW208435344\">\u202f\u00bb.<\/span><\/span><\/span>\u00a0Il ne s\u2019exprime pas sur l\u2019avenir de l\u2019industrie des produits en bois \u00e0 longue dur\u00e9e de vie, comme les mat\u00e9riaux de construction, industrie indispensable pour stocker du carbone dans la dur\u00e9e alors que les r\u00e9coltes de bois augmentent.[\/vc_column_text][vc_single_image image=&#8221;2839&#8243; img_size=&#8221;full&#8221; alignment=&#8221;right&#8221; onclick=&#8221;custom_link&#8221; link=&#8221;#header&#8221;][\/vc_column_inner][\/vc_row_inner][\/vc_column][\/vc_row]<\/p>\n<!-- \/wp:post-content -->","protected":false},"excerpt":{"rendered":"<p>[vc_row][vc_column width=&#8221;1\/6&#8243;][vc_single_image image=&#8221;1576&#8243; img_size=&#8221;full&#8221;][\/vc_column][vc_column width=&#8221;5\/6&#8243;][vc_column_text] For\u00eat Vous trouverez ci-dessous les propositions des candidats pour la for\u00eat. Nous les pr\u00e9sentons de mani\u00e8re descriptive, sans juger si elles sont suffisantes ou si elles pourront \u00eatre mises en \u0153uvre sur le quinquennat. Derni\u00e8re mise \u00e0 jour : 30 mars 2022 [\/vc_column_text][\/vc_column][\/vc_row][vc_row][vc_column css=&#8221;.vc_custom_1645605740817{margin-bottom: 40px !important;}&#8221;][vc_column_text] Les propositions des candidats [&hellip;]<\/p>\n","protected":false},"author":2,"featured_media":0,"parent":0,"menu_order":0,"comment_status":"closed","ping_status":"open","template":"","meta":{"footnotes":""},"class_list":["post-2387","page","type-page","status-publish","hentry"],"acf":[],"_links":{"self":[{"href":"https:\/\/i4ce.org\/presidentielle-2022-budget-climat\/wp-json\/wp\/v2\/pages\/2387","targetHints":{"allow":["GET"]}}],"collection":[{"href":"https:\/\/i4ce.org\/presidentielle-2022-budget-climat\/wp-json\/wp\/v2\/pages"}],"about":[{"href":"https:\/\/i4ce.org\/presidentielle-2022-budget-climat\/wp-json\/wp\/v2\/types\/page"}],"author":[{"embeddable":true,"href":"https:\/\/i4ce.org\/presidentielle-2022-budget-climat\/wp-json\/wp\/v2\/users\/2"}],"replies":[{"embeddable":true,"href":"https:\/\/i4ce.org\/presidentielle-2022-budget-climat\/wp-json\/wp\/v2\/comments?post=2387"}],"version-history":[{"count":21,"href":"https:\/\/i4ce.org\/presidentielle-2022-budget-climat\/wp-json\/wp\/v2\/pages\/2387\/revisions"}],"predecessor-version":[{"id":3412,"href":"https:\/\/i4ce.org\/presidentielle-2022-budget-climat\/wp-json\/wp\/v2\/pages\/2387\/revisions\/3412"}],"wp:attachment":[{"href":"https:\/\/i4ce.org\/presidentielle-2022-budget-climat\/wp-json\/wp\/v2\/media?parent=2387"}],"curies":[{"name":"wp","href":"https:\/\/api.w.org\/{rel}","templated":true}]}}